{"id":13,"date":"2021-04-11T07:02:08","date_gmt":"2021-04-11T07:02:08","guid":{"rendered":"https:\/\/proxima-consulting.hr\/?page_id=13"},"modified":"2021-11-20T20:01:03","modified_gmt":"2021-11-20T20:01:03","slug":"create-your-website-with-blocks","status":"publish","type":"page","link":"https:\/\/proxima-consulting.hr\/index.php\/sample-page\/create-your-website-with-blocks\/","title":{"rendered":"Savjetovanje"},"content":{"rendered":"\r\n<p><span style=\"color: #000000;\">Proxima consulting je usredoto\u010dena\u00a0na <strong>rizike<\/strong> poslovanja bilo da su oni <strong>operativne, financijske<\/strong> ili <strong>reputacijske <\/strong>naravi ili proisti\u010du iz <strong>neuskla\u0111enosti <\/strong>sa <strong>zakonskim<\/strong> ili drugim <strong>zahtjevima<\/strong> ili iz <strong>potreba i o\u010dekivanja<\/strong> svih zainteresiranih strana u\u00a0Va\u0161em djelokrugu poslovanja.<\/span><br \/><br \/><span style=\"color: #000000;\">Upravljanjem mjerama za obradu rizika poma\u017eemo da identificirate i prona\u0111ete svaku mogu\u0107u <strong>priliku za napredak<\/strong>.<\/span><br \/><br \/><span style=\"color: #000000;\">Koristimo se pri tome raznim alatima i metodama bilo da se radi o primjeni normiranih standarda poput porodice <a style=\"color: #000000;\" href=\"https:\/\/www.iso.org\/home.html\" target=\"_blank\" rel=\"noopener\"><strong>ISO standarda<\/strong><\/a> ili <strong>Lean six sigma (LSS)<\/strong> alata te alata za upravljanje uskla\u0111eno\u0161\u0107u i rizicima (<strong>GRC<\/strong>).<\/span><\/p>\r\n<hr \/>\r\n<p><span style=\"color: #000000;\">Vrste rizika kojima mo\u017eemo upravljati:<\/span><\/p>\r\n<ul>\r\n<li>\r\n<p><span style=\"color: #000000;\"><strong>Financijski rizici<\/strong> &#8211; mo\u017eemo pobolj\u0161ati va\u0161e financijske strategije i re\u0107i vam kako u\u0161tedjeti novac.<\/span><\/p>\r\n<\/li>\r\n<li>\r\n<p><span style=\"color: #000000;\"><strong>Operativni rizici<\/strong> &#8211; mo\u017eemo upravljati va\u0161im rizicima<strong> kvalitete<\/strong>, rizicima <strong>sigurnosti hrane, za\u0161tite okoli\u0161a i zdravlja<\/strong>, rizicima <strong>informacijske sigurnosti<\/strong>, rizicima <strong>kontinuiteta poslovanja<\/strong> ili rizicima <strong>energetske u\u010dinkovitosti<\/strong>.<\/span><\/p>\r\n<\/li>\r\n<li>\r\n<p><span style=\"color: #000000;\"><strong>Reputacijski rizici<\/strong> &#8211; mo\u017eemo vam pomo\u0107i da na dobar na\u010din izbjegnete <strong>\u017ealbe kupaca<\/strong>.<\/span><\/p>\r\n<\/li>\r\n<li>\r\n<p><span style=\"color: #000000;\"><strong>Rizici uskla\u0111enosti<\/strong> &#8211; mo\u017eemo se pobrinuti da se uskladite sa <strong>zakonskim obavezama<\/strong>, kao \u0161to su <strong>GDPR, <\/strong><strong>WSP<\/strong> (planovi sigurnosti vode\u00a0za ljudsku potro\u0161nju), <strong>MDR<\/strong> (medical devices regulation) ili <strong>CE <\/strong>oznakama.<\/span><\/p>\r\n<\/li>\r\n<\/ul>\r\n<hr \/>\r\n<p><span style=\"color: #000000;\">Nau\u010dite uz nas koristiti suvremena <strong>digitalna rje\u0161enja<\/strong> za <strong>upravljanje procesima<\/strong>, <strong>rizicima<\/strong> i <strong>strategijama<\/strong>.<\/span><br \/><br \/><span style=\"color: #000000;\">Mi vjerujemo da je <strong>strast <\/strong>za napredovanjem preduvjet za <strong>odr\u017eivo i dru\u0161tveno odgovorno<\/strong> poslovanje.<\/span><br \/><br \/><span style=\"color: #000000;\">Budite uspje\u0161ni i <strong>dru\u0161tveno odgovorni. <\/strong><\/span><\/p>\r\n<p><span style=\"color: #000000;\"><strong>Upravljate svojim aktivnostima<\/strong> na u\u010dinkovit i djelotvoran na\u010din te odaberite i implementirajte \u00a0uspje\u0161nu <strong>strategiju poslovanja. <\/strong><\/span><br \/><br \/><span style=\"color: #000000;\"><strong>Oja\u010dajte otpornost <\/strong>svoje tvrtke. <\/span><\/p>\r\n<p><span style=\"color: #000000;\"><strong>Upravljajte rizicima<\/strong> i iskoristite <strong>prilike za stalni boljitak<\/strong><\/span><\/p>\r\n<hr \/>\r\n<h4 class=\"wp-block-heading\"><a href=\"https:\/\/proxima-consulting.hr\/wp-content\/uploads\/2021\/06\/Nas\u030ce-usluge-Proxima-r2.pdf\">PREUZMITE BRO\u0160URU \/ DOWNLOAD BROCHURE<\/a><\/h4>\r\n<h4><span style=\"color: #000000;\">Proxima consulting<\/span><\/h4>\r\n<p>&nbsp;<\/p>\r\n<p><a href=\"https:\/\/proxima-consulting.hr\/index.php\/2021\/06\/02\/seminar-u-najavi\/logo-proxima-1-2\/\" rel=\"attachment wp-att-796\"><img loading=\"lazy\" decoding=\"async\" class=\"alignleft size-full wp-image-796\" src=\"https:\/\/proxima-consulting.hr\/wp-content\/uploads\/2021\/06\/Logo-Proxima-1.png\" alt=\"\" width=\"204\" height=\"76\" \/><\/a><\/p>\r\n","protected":false},"excerpt":{"rendered":"<p>Proxima consulting je usredoto\u010dena\u00a0na rizike poslovanja bilo da su oni operativne, financijske ili reputacijske naravi ili proisti\u010du iz neuskla\u0111enosti sa zakonskim ili drugim zahtjevima ili iz potreba i o\u010dekivanja svih &#8230;<\/p>\n","protected":false},"author":1,"featured_media":20,"parent":2,"menu_order":0,"comment_status":"closed","ping_status":"closed","template":"","meta":{"footnotes":""},"class_list":["post-13","page","type-page","status-publish","has-post-thumbnail","hentry"],"jetpack_sharing_enabled":true,"_links":{"self":[{"href":"https:\/\/proxima-consulting.hr\/index.php\/wp-json\/wp\/v2\/pages\/13","targetHints":{"allow":["GET"]}}],"collection":[{"href":"https:\/\/proxima-consulting.hr\/index.php\/wp-json\/wp\/v2\/pages"}],"about":[{"href":"https:\/\/proxima-consulting.hr\/index.php\/wp-json\/wp\/v2\/types\/page"}],"author":[{"embeddable":true,"href":"https:\/\/proxima-consulting.hr\/index.php\/wp-json\/wp\/v2\/users\/1"}],"replies":[{"embeddable":true,"href":"https:\/\/proxima-consulting.hr\/index.php\/wp-json\/wp\/v2\/comments?post=13"}],"version-history":[{"count":60,"href":"https:\/\/proxima-consulting.hr\/index.php\/wp-json\/wp\/v2\/pages\/13\/revisions"}],"predecessor-version":[{"id":986,"href":"https:\/\/proxima-consulting.hr\/index.php\/wp-json\/wp\/v2\/pages\/13\/revisions\/986"}],"up":[{"embeddable":true,"href":"https:\/\/proxima-consulting.hr\/index.php\/wp-json\/wp\/v2\/pages\/2"}],"wp:featuredmedia":[{"embeddable":true,"href":"https:\/\/proxima-consulting.hr\/index.php\/wp-json\/wp\/v2\/media\/20"}],"wp:attachment":[{"href":"https:\/\/proxima-consulting.hr\/index.php\/wp-json\/wp\/v2\/media?parent=13"}],"curies":[{"name":"wp","href":"https:\/\/api.w.org\/{rel}","templated":true}]}}