{"id":261,"date":"2021-04-28T04:07:55","date_gmt":"2021-04-28T04:07:55","guid":{"rendered":"https:\/\/proxima-consulting.hr\/?page_id=261"},"modified":"2022-11-29T18:05:03","modified_gmt":"2022-11-29T18:05:03","slug":"start","status":"publish","type":"page","link":"https:\/\/proxima-consulting.hr\/","title":{"rendered":"start"},"content":{"rendered":"<h2 style=\"text-align: center;\"><span style=\"color: #333333;\">Proxima consulting je usredoto\u010dena na rizike poslovanja svojih klijenata bilo da su oni<\/span><\/h2>\n<h2 style=\"text-align: center;\"><span style=\"color: #333333;\"><em> operativne, financijske ili reputacijske naravi<\/em> ili proisti\u010du iz <\/span><\/h2>\n<h2 style=\"text-align: center;\"><span style=\"color: #333333;\"><em>neuskla\u0111enosti sa zakonskim ili drugim zahtjevima<\/em> ili <\/span><\/h2>\n<h2 style=\"text-align: center;\"><span style=\"color: #333333;\">iz <em>potreba i o\u010dekivanja svih zainteresiranih strana<\/em> u djelokrugu poslovanja klijenata.<\/span><\/h2>\n<h2 style=\"text-align: center;\"><span style=\"color: #333333;\">Mi savjetujemo kako ubla\u017eiti ili otkloniti te rizike te poma\u017eemo identificirati i prona\u0107i svaku mogu\u0107u priliku za napredak.<\/span><\/h2>\n<h2 style=\"text-align: center;\"><span style=\"color: #333333;\">Na\u0161e usluge su savjetodavne naravi i me\u0111u ostalima obuhva\u0107aju slijede\u0107a podru\u010dja poslovnog djelovanja:<\/span><\/h2>\n<h3 style=\"text-align: center;\"><span style=\"color: #333333;\"><a style=\"color: #333333;\" href=\"https:\/\/proxima-consulting.hr\/index.php\/grc\/\">upravljanje rizicima i uskla\u0111eno\u0161\u0107u<\/a>,\u00a0<\/span><span style=\"color: #333333;\">upravljanje poslovnim procesima i u\u010dinkom,\u00a0<\/span><\/h3>\n<h3 style=\"text-align: center;\"><span style=\"color: #333333;\">pru\u017eanje savjetodavnih usluga iz financijske forenzike, s<\/span><span style=\"color: #333333;\">trate\u0161ko i operativno upravljanje, <\/span><\/h3>\n<h3 style=\"text-align: center;\"><span style=\"color: #333333;\">u<\/span><span style=\"color: #333333;\">pravljanje kvalitetom proizvoda i usluga.<\/span><\/h3>\n<h3 style=\"text-align: center;\"><span style=\"color: #333333;\">Uspostavljanje normiranih sustava upravljanja (npr. ISO standardi), u<\/span><span style=\"color: #333333;\">skla\u0111enje sa zakonskim obavezama<\/span><\/h3>\n<h3 style=\"text-align: center;\"><span style=\"color: #333333;\"><a style=\"color: #333333;\" href=\"https:\/\/proxima-consulting.hr\/index.php\/izobrazbe\/\">Osposobljavanje zaposlenike<\/a> za interne auditore<\/span><\/h3>\n<h3 style=\"text-align: center;\"><span style=\"color: #333333;\">Odr\u017eavanje sustava upravljanja<\/span><\/h3>\n<h3 style=\"text-align: center;\"><span style=\"color: #333333;\">Provo\u0111enje digitalne tranzicije poslovanja, p<\/span><span style=\"color: #333333;\">ribavljanje digitalnih rje\u0161enja za poslovanje<\/span><\/h3>\n<h2 style=\"text-align: center;\"><span style=\"color: #333333;\">Na\u0161 pristup se temelji na stru\u010dnosti, izvrsnom poznavanju predmeta savjetovanja, iskustvu,\u00a0<\/span><span style=\"color: #333333;\">stalnom u\u010denju, primjeni najboljih praksi, primjeni najboljih tehnologija, neprekidnom pobolj\u0161avanju, komunikaciji i susretljivosti.<\/span><\/h2>\n","protected":false},"excerpt":{"rendered":"<p>Proxima consulting je usredoto\u010dena na rizike poslovanja svojih klijenata bilo da su oni operativne, financijske ili reputacijske naravi ili proisti\u010du iz neuskla\u0111enosti sa zakonskim ili drugim zahtjevima ili iz potreba &#8230;<\/p>\n","protected":false},"author":1,"featured_media":0,"parent":0,"menu_order":0,"comment_status":"closed","ping_status":"closed","template":"template-frontpage.php","meta":{"footnotes":""},"class_list":["post-261","page","type-page","status-publish","hentry"],"jetpack_sharing_enabled":true,"_links":{"self":[{"href":"https:\/\/proxima-consulting.hr\/index.php\/wp-json\/wp\/v2\/pages\/261","targetHints":{"allow":["GET"]}}],"collection":[{"href":"https:\/\/proxima-consulting.hr\/index.php\/wp-json\/wp\/v2\/pages"}],"about":[{"href":"https:\/\/proxima-consulting.hr\/index.php\/wp-json\/wp\/v2\/types\/page"}],"author":[{"embeddable":true,"href":"https:\/\/proxima-consulting.hr\/index.php\/wp-json\/wp\/v2\/users\/1"}],"replies":[{"embeddable":true,"href":"https:\/\/proxima-consulting.hr\/index.php\/wp-json\/wp\/v2\/comments?post=261"}],"version-history":[{"count":36,"href":"https:\/\/proxima-consulting.hr\/index.php\/wp-json\/wp\/v2\/pages\/261\/revisions"}],"predecessor-version":[{"id":2631,"href":"https:\/\/proxima-consulting.hr\/index.php\/wp-json\/wp\/v2\/pages\/261\/revisions\/2631"}],"wp:attachment":[{"href":"https:\/\/proxima-consulting.hr\/index.php\/wp-json\/wp\/v2\/media?parent=261"}],"curies":[{"name":"wp","href":"https:\/\/api.w.org\/{rel}","templated":true}]}}