{"id":437,"date":"2021-04-29T19:30:01","date_gmt":"2021-04-29T19:30:01","guid":{"rendered":"https:\/\/proxima-consulting.hr\/?page_id=437"},"modified":"2021-05-02T08:12:46","modified_gmt":"2021-05-02T08:12:46","slug":"zakonska-regualtiva","status":"publish","type":"page","link":"https:\/\/proxima-consulting.hr\/index.php\/zakonska-regualtiva\/","title":{"rendered":"Zakonska regualtiva"},"content":{"rendered":"<h3 style=\"text-align: center;\"><a href=\"https:\/\/narodne-novine.nn.hr\/clanci\/sluzbeni\/2015_07_78_1492.html\">Zakon o sustavu unutarnjih kontrola u javnom sektoru<\/a><\/h3>\n<h3 style=\"text-align: center;\"><a href=\"https:\/\/narodne-novine.nn.hr\/clanci\/sluzbeni\/2017_12_125_2848.html\">Izrada planova sigurnosti vode za ljudsku potro\u0161nju (WSP &#8211; EN 15975-2)<\/a><\/h3>\n<h3 style=\"text-align: center;\"><a href=\"https:\/\/narodne-novine.nn.hr\/clanci\/sluzbeni\/2015_06_68_1307.html\">Uskla\u0111enje sa zakonskim zahtjevima za sigurnost hrane (HACCP)<\/a><\/h3>\n<h3 style=\"text-align: center;\"><a href=\"https:\/\/narodne-novine.nn.hr\/clanci\/sluzbeni\/2018_05_42_805.html\">Upravljanje za\u0161titom osobnih podataka (GDPR)<\/a><\/h3>\n<h3 style=\"text-align: center;\"><a href=\"https:\/\/eumdr.com\/\">Uskla\u0111enje sa zahtjevima uredbe o medicinskim ure\u0111ajima (MDR)<\/a><\/h3>\n<h3 style=\"text-align: center;\"><a href=\"https:\/\/europa.eu\/youreurope\/business\/product-requirements\/labels-markings\/ce-marking\/index_hr.htm\">Isho\u0111enje CE oznake<\/a><\/h3>\n","protected":false},"excerpt":{"rendered":"<p>Zakon o sustavu unutarnjih kontrola u javnom sektoru Izrada planova sigurnosti vode za ljudsku potro\u0161nju (WSP &#8211; EN 15975-2) Uskla\u0111enje sa zakonskim zahtjevima za sigurnost hrane (HACCP) Upravljanje za\u0161titom osobnih &#8230;<\/p>\n","protected":false},"author":1,"featured_media":20,"parent":0,"menu_order":0,"comment_status":"closed","ping_status":"closed","template":"","meta":{"footnotes":""},"class_list":["post-437","page","type-page","status-publish","has-post-thumbnail","hentry"],"jetpack_sharing_enabled":true,"_links":{"self":[{"href":"https:\/\/proxima-consulting.hr\/index.php\/wp-json\/wp\/v2\/pages\/437","targetHints":{"allow":["GET"]}}],"collection":[{"href":"https:\/\/proxima-consulting.hr\/index.php\/wp-json\/wp\/v2\/pages"}],"about":[{"href":"https:\/\/proxima-consulting.hr\/index.php\/wp-json\/wp\/v2\/types\/page"}],"author":[{"embeddable":true,"href":"https:\/\/proxima-consulting.hr\/index.php\/wp-json\/wp\/v2\/users\/1"}],"replies":[{"embeddable":true,"href":"https:\/\/proxima-consulting.hr\/index.php\/wp-json\/wp\/v2\/comments?post=437"}],"version-history":[{"count":2,"href":"https:\/\/proxima-consulting.hr\/index.php\/wp-json\/wp\/v2\/pages\/437\/revisions"}],"predecessor-version":[{"id":605,"href":"https:\/\/proxima-consulting.hr\/index.php\/wp-json\/wp\/v2\/pages\/437\/revisions\/605"}],"wp:featuredmedia":[{"embeddable":true,"href":"https:\/\/proxima-consulting.hr\/index.php\/wp-json\/wp\/v2\/media\/20"}],"wp:attachment":[{"href":"https:\/\/proxima-consulting.hr\/index.php\/wp-json\/wp\/v2\/media?parent=437"}],"curies":[{"name":"wp","href":"https:\/\/api.w.org\/{rel}","templated":true}]}}